{"id":15,"date":"2026-03-04T10:33:48","date_gmt":"2026-03-04T10:33:48","guid":{"rendered":"https:\/\/www.paalam-suedindien.de\/about\/"},"modified":"2026-03-04T18:31:05","modified_gmt":"2026-03-04T18:31:05","slug":"about","status":"publish","type":"page","link":"https:\/\/www.paalam-suedindien.de\/en\/about\/","title":{"rendered":"About"},"content":{"rendered":"<div data-elementor-type=\"wp-page\" data-elementor-id=\"15\" class=\"elementor elementor-15\">\n\t\t\t\t<div class=\"elementor-element elementor-element-92e5250 e-flex e-con-boxed e-con e-parent\" data-id=\"92e5250\" data-element_type=\"container\" data-e-type=\"container\" data-settings=\"{&quot;background_background&quot;:&quot;classic&quot;}\">\n\t\t\t\t\t<div class=\"e-con-inner\">\n\t\t\t\t\t<\/div>\n\t\t\t\t<\/div>\n\t\t<div class=\"elementor-element elementor-element-25231a8 e-flex e-con-boxed e-con e-parent\" data-id=\"25231a8\" data-element_type=\"container\" data-e-type=\"container\" data-settings=\"{&quot;background_background&quot;:&quot;classic&quot;}\">\n\t\t\t\t\t<div class=\"e-con-inner\">\n\t\t<div class=\"elementor-element elementor-element-a265164 e-con-full e-flex e-con e-child\" data-id=\"a265164\" data-element_type=\"container\" data-e-type=\"container\">\n\t\t\t\t<div class=\"elementor-element elementor-element-699f97d elementor-widget elementor-widget-heading\" data-id=\"699f97d\" data-element_type=\"widget\" data-e-type=\"widget\" data-widget_type=\"heading.default\">\n\t\t\t\t<div class=\"elementor-widget-container\">\n\t\t\t\t\t<h2 class=\"elementor-heading-title elementor-size-default\">Who we are<\/h2>\t\t\t\t<\/div>\n\t\t\t\t<\/div>\n\t\t\t\t<div class=\"elementor-element elementor-element-a80dcec elementor-widget-divider--view-line elementor-widget elementor-widget-divider\" data-id=\"a80dcec\" data-element_type=\"widget\" data-e-type=\"widget\" data-widget_type=\"divider.default\">\n\t\t\t\t<div class=\"elementor-widget-container\">\n\t\t\t\t\t\t\t<div class=\"elementor-divider\">\n\t\t\t<span class=\"elementor-divider-separator\">\n\t\t\t\t\t\t<\/span>\n\t\t<\/div>\n\t\t\t\t\t\t<\/div>\n\t\t\t\t<\/div>\n\t\t\t\t<\/div>\n\t\t\t\t\t<\/div>\n\t\t\t\t<\/div>\n\t\t<div class=\"elementor-element elementor-element-7201146 e-flex e-con-boxed e-con e-parent\" data-id=\"7201146\" data-element_type=\"container\" data-e-type=\"container\">\n\t\t\t\t\t<div class=\"e-con-inner\">\n\t\t\t\t<div class=\"elementor-element elementor-element-942d89b elementor-widget elementor-widget-heading\" data-id=\"942d89b\" data-element_type=\"widget\" data-e-type=\"widget\" data-widget_type=\"heading.default\">\n\t\t\t\t<div class=\"elementor-widget-container\">\n\t\t\t\t\t<h6 class=\"elementor-heading-title elementor-size-default\">Paalam-S\u00fcdindien e.V. is a group of six individuals who are deeply committed to supporting socially disadvantaged communities in India.<\/h6>\t\t\t\t<\/div>\n\t\t\t\t<\/div>\n\t\t\t\t\t<\/div>\n\t\t\t\t<\/div>\n\t\t<div class=\"elementor-element elementor-element-4460943 e-grid e-con-boxed e-con e-parent\" data-id=\"4460943\" data-element_type=\"container\" data-e-type=\"container\">\n\t\t\t\t\t<div class=\"e-con-inner\">\n\t\t\t\t<div class=\"elementor-element elementor-element-237e80d elementor-position-top elementor-widget elementor-widget-image-box\" data-id=\"237e80d\" data-element_type=\"widget\" data-e-type=\"widget\" data-widget_type=\"image-box.default\">\n\t\t\t\t<div class=\"elementor-widget-container\">\n\t\t\t\t\t<div class=\"elementor-image-box-wrapper\"><figure class=\"elementor-image-box-img\"><img fetchpriority=\"high\" decoding=\"async\" width=\"1024\" height=\"1024\" src=\"https:\/\/www.paalam-suedindien.de\/wp-content\/uploads\/2026\/03\/DSCN0412-2-1024x1024.jpg\" class=\"attachment-large size-large wp-image-800\" alt=\"dscn0412 (2)\" title=\"About\" srcset=\"https:\/\/www.paalam-suedindien.de\/wp-content\/uploads\/2026\/03\/DSCN0412-2-1024x1024.jpg 1024w, https:\/\/www.paalam-suedindien.de\/wp-content\/uploads\/2026\/03\/DSCN0412-2-300x300.jpg 300w, https:\/\/www.paalam-suedindien.de\/wp-content\/uploads\/2026\/03\/DSCN0412-2-150x150.jpg 150w, https:\/\/www.paalam-suedindien.de\/wp-content\/uploads\/2026\/03\/DSCN0412-2-768x767.jpg 768w, https:\/\/www.paalam-suedindien.de\/wp-content\/uploads\/2026\/03\/DSCN0412-2-12x12.jpg 12w, https:\/\/www.paalam-suedindien.de\/wp-content\/uploads\/2026\/03\/DSCN0412-2.jpg 1389w\" sizes=\"(max-width: 1024px) 100vw, 1024px\" \/><\/figure><div class=\"elementor-image-box-content\"><h6 class=\"elementor-image-box-title\">Tina-Mareike Rumpf <br><br>Chairperson<\/h6><p class=\"elementor-image-box-description\">\t\nTina was born in 1988 in Blankenburg (Harz), Germany. She is a medical doctor and completed a voluntary service in 2007\/2008 at a girls\u2019 home in Tamil Nadu, South India.<\/p><\/div><\/div>\t\t\t\t<\/div>\n\t\t\t\t<\/div>\n\t\t\t\t<div class=\"elementor-element elementor-element-8c37bb4 elementor-position-top elementor-widget elementor-widget-image-box\" data-id=\"8c37bb4\" data-element_type=\"widget\" data-e-type=\"widget\" data-widget_type=\"image-box.default\">\n\t\t\t\t<div class=\"elementor-widget-container\">\n\t\t\t\t\t<div class=\"elementor-image-box-wrapper\"><figure class=\"elementor-image-box-img\"><img decoding=\"async\" width=\"1087\" height=\"1094\" src=\"https:\/\/www.paalam-suedindien.de\/wp-content\/uploads\/2026\/03\/18076854_10212817540459676_6356554156051483787_o.jpg\" class=\"attachment-full size-full wp-image-801\" alt=\"18076854 10212817540459676 6356554156051483787 o\" title=\"About\" srcset=\"https:\/\/www.paalam-suedindien.de\/wp-content\/uploads\/2026\/03\/18076854_10212817540459676_6356554156051483787_o.jpg 1087w, https:\/\/www.paalam-suedindien.de\/wp-content\/uploads\/2026\/03\/18076854_10212817540459676_6356554156051483787_o-298x300.jpg 298w, https:\/\/www.paalam-suedindien.de\/wp-content\/uploads\/2026\/03\/18076854_10212817540459676_6356554156051483787_o-1017x1024.jpg 1017w, https:\/\/www.paalam-suedindien.de\/wp-content\/uploads\/2026\/03\/18076854_10212817540459676_6356554156051483787_o-150x150.jpg 150w, https:\/\/www.paalam-suedindien.de\/wp-content\/uploads\/2026\/03\/18076854_10212817540459676_6356554156051483787_o-768x773.jpg 768w, https:\/\/www.paalam-suedindien.de\/wp-content\/uploads\/2026\/03\/18076854_10212817540459676_6356554156051483787_o-12x12.jpg 12w\" sizes=\"(max-width: 1087px) 100vw, 1087px\" \/><\/figure><div class=\"elementor-image-box-content\"><h6 class=\"elementor-image-box-title\">Linda Ganguly<br><br><span style=\"font-weight: normal\">Deputy-Chairperson<\/span><\/h6><p class=\"elementor-image-box-description\">Linda was born in Saxony in 1988. She is a primary school teacher and did a voluntary service in a children's home in Tamil-Nadu, South India, in 2013\/2014.<\/p><\/div><\/div>\t\t\t\t<\/div>\n\t\t\t\t<\/div>\n\t\t\t\t<div class=\"elementor-element elementor-element-ff25a79 elementor-position-top elementor-widget elementor-widget-image-box\" data-id=\"ff25a79\" data-element_type=\"widget\" data-e-type=\"widget\" data-widget_type=\"image-box.default\">\n\t\t\t\t<div class=\"elementor-widget-container\">\n\t\t\t\t\t<div class=\"elementor-image-box-wrapper\"><figure class=\"elementor-image-box-img\"><img decoding=\"async\" width=\"150\" height=\"150\" src=\"https:\/\/www.paalam-suedindien.de\/wp-content\/uploads\/2026\/03\/MG_1434-150x150.jpg\" class=\"attachment-thumbnail size-thumbnail wp-image-802\" alt=\"mg 1434\" title=\"About\"><\/figure><div class=\"elementor-image-box-content\"><h6 class=\"elementor-image-box-title\">Dorothee James<br><br>Treasurer<\/h6><p class=\"elementor-image-box-description\">Dorothee was born in 1983 in Saxony, Germany. She is a psychologist and completed a voluntary service in 2009\/2010 at a girls\u2019 home in Tamil Nadu, South India.<\/p><\/div><\/div>\t\t\t\t<\/div>\n\t\t\t\t<\/div>\n\t\t\t\t<div class=\"elementor-element elementor-element-5d1bbb1 elementor-position-top elementor-widget elementor-widget-image-box\" data-id=\"5d1bbb1\" data-element_type=\"widget\" data-e-type=\"widget\" data-widget_type=\"image-box.default\">\n\t\t\t\t<div class=\"elementor-widget-container\">\n\t\t\t\t\t<div class=\"elementor-image-box-wrapper\"><figure class=\"elementor-image-box-img\"><img loading=\"lazy\" decoding=\"async\" width=\"150\" height=\"150\" src=\"https:\/\/www.paalam-suedindien.de\/wp-content\/uploads\/2026\/03\/IMGP4775annika-150x150.jpg\" class=\"attachment-thumbnail size-thumbnail wp-image-803\" alt=\"imgp4775annika\" title=\"About\"><\/figure><div class=\"elementor-image-box-content\"><h6 class=\"elementor-image-box-title\">Annika Zahn<\/h6><p class=\"elementor-image-box-description\">Annika was born in Northern Hesse in 1985. She is a primary school teacher and did a voluntary service in a girls' home in Tamil-Nadu, South India, in 2007\/2008.<\/p><\/div><\/div>\t\t\t\t<\/div>\n\t\t\t\t<\/div>\n\t\t\t\t<div class=\"elementor-element elementor-element-12a77e9 elementor-position-top elementor-widget elementor-widget-image-box\" data-id=\"12a77e9\" data-element_type=\"widget\" data-e-type=\"widget\" data-widget_type=\"image-box.default\">\n\t\t\t\t<div class=\"elementor-widget-container\">\n\t\t\t\t\t<div class=\"elementor-image-box-wrapper\"><figure class=\"elementor-image-box-img\"><img loading=\"lazy\" decoding=\"async\" width=\"150\" height=\"150\" src=\"https:\/\/www.paalam-suedindien.de\/wp-content\/uploads\/2026\/03\/c9bc278a-08b7-4523-b14e-a10b5cd24b87-1-150x150.jpg\" class=\"attachment-thumbnail size-thumbnail wp-image-804\" alt=\"c9bc278a 08b7 4523 b14e a10b5cd24b87 (1)\" title=\"About\" srcset=\"https:\/\/www.paalam-suedindien.de\/wp-content\/uploads\/2026\/03\/c9bc278a-08b7-4523-b14e-a10b5cd24b87-1-150x150.jpg 150w, https:\/\/www.paalam-suedindien.de\/wp-content\/uploads\/2026\/03\/c9bc278a-08b7-4523-b14e-a10b5cd24b87-1-12x12.jpg 12w, https:\/\/www.paalam-suedindien.de\/wp-content\/uploads\/2026\/03\/c9bc278a-08b7-4523-b14e-a10b5cd24b87-1.jpg 197w\" sizes=\"(max-width: 150px) 100vw, 150px\" \/><\/figure><div class=\"elementor-image-box-content\"><h6 class=\"elementor-image-box-title\">Anna Bauer<\/h6><p class=\"elementor-image-box-description\">Anna was born in Saxony in 1988. She is working as a teacher in a primary school day care. In 2010\/2011 she was working in a girl's home during her volunteer service in Tamilnadu, South India. She is married with Reinhold Bauer.<\/p><\/div><\/div>\t\t\t\t<\/div>\n\t\t\t\t<\/div>\n\t\t\t\t<div class=\"elementor-element elementor-element-3e4ffb8 elementor-position-top elementor-widget elementor-widget-image-box\" data-id=\"3e4ffb8\" data-element_type=\"widget\" data-e-type=\"widget\" data-widget_type=\"image-box.default\">\n\t\t\t\t<div class=\"elementor-widget-container\">\n\t\t\t\t\t<div class=\"elementor-image-box-wrapper\"><figure class=\"elementor-image-box-img\"><img loading=\"lazy\" decoding=\"async\" width=\"150\" height=\"150\" src=\"https:\/\/www.paalam-suedindien.de\/wp-content\/uploads\/2026\/03\/c9bc278a-08b7-4523-b14e-a10b5cd24b87-150x150.jpg\" class=\"attachment-thumbnail size-thumbnail wp-image-805\" alt=\"c9bc278a 08b7 4523 b14e a10b5cd24b87\" title=\"About\" srcset=\"https:\/\/www.paalam-suedindien.de\/wp-content\/uploads\/2026\/03\/c9bc278a-08b7-4523-b14e-a10b5cd24b87-150x150.jpg 150w, https:\/\/www.paalam-suedindien.de\/wp-content\/uploads\/2026\/03\/c9bc278a-08b7-4523-b14e-a10b5cd24b87-13x12.jpg 13w\" sizes=\"(max-width: 150px) 100vw, 150px\" \/><\/figure><div class=\"elementor-image-box-content\"><h6 class=\"elementor-image-box-title\">Reinhold Bauer<\/h6><p class=\"elementor-image-box-description\">Reinhold was born in 1990 in Saxony. He has a diploma degree in mathematics and is working in an IT company. In 2014\/2015 he took part in a volunteer program supporting a home for boys near the east coast of South India. He is married with Anna Bauer.<\/p><\/div><\/div>\t\t\t\t<\/div>\n\t\t\t\t<\/div>\n\t\t\t\t\t<\/div>\n\t\t\t\t<\/div>\n\t\t<div class=\"elementor-element elementor-element-625dc78 e-flex e-con-boxed e-con e-parent\" data-id=\"625dc78\" data-element_type=\"container\" data-e-type=\"container\">\n\t\t\t\t\t<div class=\"e-con-inner\">\n\t\t<div class=\"elementor-element elementor-element-3141d2e e-con-full e-flex e-con e-child\" data-id=\"3141d2e\" data-element_type=\"container\" data-e-type=\"container\">\n\t\t\t\t<div class=\"elementor-element elementor-element-0e018dc elementor-widget-divider--view-line elementor-widget elementor-widget-divider\" data-id=\"0e018dc\" data-element_type=\"widget\" data-e-type=\"widget\" data-widget_type=\"divider.default\">\n\t\t\t\t<div class=\"elementor-widget-container\">\n\t\t\t\t\t\t\t<div class=\"elementor-divider\">\n\t\t\t<span class=\"elementor-divider-separator\">\n\t\t\t\t\t\t<\/span>\n\t\t<\/div>\n\t\t\t\t\t\t<\/div>\n\t\t\t\t<\/div>\n\t\t\t\t<\/div>\n\t\t\t\t\t<\/div>\n\t\t\t\t<\/div>\n\t\t\t\t<\/div>","protected":false},"excerpt":{"rendered":"<p>Wer wir sind Wir, der Paalam-S\u00fcdindien e.V., sind eine Gruppe von sechs Leute, deren Herz f\u00fcr sozial Benachteiligte in Indien schl\u00e4gt. Tina-Mareike Rumpf Vorsitzende Tina wurde 1988 in Blankenburg (Harz) geboren. Sie ist \u00c4rztin und hat 2007\/2008 in einem M\u00e4dchenheim in Tamil-Nadu, S\u00fcdindien, einen Freiwilligendienst geleistet.\u2028 Linda Ganguly Stellvertretende Vorsitzende Linda wurde 1988 in Sachsen [&hellip;]<\/p>\n","protected":false},"author":1,"featured_media":0,"parent":0,"menu_order":0,"comment_status":"closed","ping_status":"closed","template":"","meta":{"site-sidebar-layout":"no-sidebar","site-content-layout":"page-builder","ast-site-content-layout":"default","site-content-style":"default","site-sidebar-style":"default","ast-global-header-display":"","ast-banner-title-visibility":"","ast-main-header-display":"","ast-hfb-above-header-display":"","ast-hfb-below-header-display":"","ast-hfb-mobile-header-display":"","site-post-title":"","ast-breadcrumbs-content":"disabled","ast-featured-img":"disabled","footer-sml-layout":"","ast-disable-related-posts":"","theme-transparent-header-meta":"enabled","adv-header-id-meta":"","stick-header-meta":"","header-above-stick-meta":"","header-main-stick-meta":"","header-below-stick-meta":"","astra-migrate-meta-layouts":"default","ast-page-background-enabled":"default","ast-page-background-meta":{"desktop":{"background-color":"","background-image":"","background-repeat":"repeat","background-position":"center center","background-size":"auto","background-attachment":"scroll","background-type":"","background-media":"","overlay-type":"","overlay-color":"","overlay-opacity":"","overlay-gradient":""},"tablet":{"background-color":"","background-image":"","background-repeat":"repeat","background-position":"center center","background-size":"auto","background-attachment":"scroll","background-type":"","background-media":"","overlay-type":"","overlay-color":"","overlay-opacity":"","overlay-gradient":""},"mobile":{"background-color":"","background-image":"","background-repeat":"repeat","background-position":"center center","background-size":"auto","background-attachment":"scroll","background-type":"","background-media":"","overlay-type":"","overlay-color":"","overlay-opacity":"","overlay-gradient":""}},"ast-content-background-meta":{"desktop":{"background-color":"var(--ast-global-color-5)","background-image":"","background-repeat":"repeat","background-position":"center center","background-size":"auto","background-attachment":"scroll","background-type":"","background-media":"","overlay-type":"","overlay-color":"","overlay-opacity":"","overlay-gradient":""},"tablet":{"background-color":"var(--ast-global-color-5)","background-image":"","background-repeat":"repeat","background-position":"center center","background-size":"auto","background-attachment":"scroll","background-type":"","background-media":"","overlay-type":"","overlay-color":"","overlay-opacity":"","overlay-gradient":""},"mobile":{"background-color":"var(--ast-global-color-5)","background-image":"","background-repeat":"repeat","background-position":"center center","background-size":"auto","background-attachment":"scroll","background-type":"","background-media":"","overlay-type":"","overlay-color":"","overlay-opacity":"","overlay-gradient":""}},"footnotes":""},"class_list":["post-15","page","type-page","status-publish","hentry"],"_links":{"self":[{"href":"https:\/\/www.paalam-suedindien.de\/en\/wp-json\/wp\/v2\/pages\/15","targetHints":{"allow":["GET"]}}],"collection":[{"href":"https:\/\/www.paalam-suedindien.de\/en\/wp-json\/wp\/v2\/pages"}],"about":[{"href":"https:\/\/www.paalam-suedindien.de\/en\/wp-json\/wp\/v2\/types\/page"}],"author":[{"embeddable":true,"href":"https:\/\/www.paalam-suedindien.de\/en\/wp-json\/wp\/v2\/users\/1"}],"replies":[{"embeddable":true,"href":"https:\/\/www.paalam-suedindien.de\/en\/wp-json\/wp\/v2\/comments?post=15"}],"version-history":[{"count":6,"href":"https:\/\/www.paalam-suedindien.de\/en\/wp-json\/wp\/v2\/pages\/15\/revisions"}],"predecessor-version":[{"id":884,"href":"https:\/\/www.paalam-suedindien.de\/en\/wp-json\/wp\/v2\/pages\/15\/revisions\/884"}],"wp:attachment":[{"href":"https:\/\/www.paalam-suedindien.de\/en\/wp-json\/wp\/v2\/media?parent=15"}],"curies":[{"name":"wp","href":"https:\/\/api.w.org\/{rel}","templated":true}]}}