{"id":480,"date":"2018-02-11T18:20:57","date_gmt":"2018-02-11T18:20:57","guid":{"rendered":"https:\/\/www.paalam-suedindien.de\/?page_id=480"},"modified":"2026-03-03T22:18:53","modified_gmt":"2026-03-03T22:18:53","slug":"start","status":"publish","type":"page","link":"https:\/\/www.paalam-suedindien.de\/en\/start\/","title":{"rendered":"Home"},"content":{"rendered":"<p><!--themify_builder_static--><\/p>\n<h1>Paalam-S\u00fcdindien e.V.<\/h1>\n<p> <a href=\"https:\/\/www.paalam-suedindien.de\/en\/#waswirtun\" > Learn more <\/a> <\/p>\n<p>Do not withhold good from those to whom it is due, when it is in your power to act. <\/p>\n<h6>Proverbs 3:27<\/h6>\n<p> <img loading=\"lazy\" decoding=\"async\" width=\"3072\" height=\"2304\" src=\"https:\/\/www.paalam-suedindien.de\/wp-content\/uploads\/2018\/01\/Frauen1-2.jpg\" alt=\"Frauen1\" srcset=\"https:\/\/www.paalam-suedindien.de\/wp-content\/uploads\/2018\/01\/Frauen1-2.jpg 3072w, https:\/\/www.paalam-suedindien.de\/wp-content\/uploads\/2018\/01\/Frauen1-2-300x225.jpg 300w, https:\/\/www.paalam-suedindien.de\/wp-content\/uploads\/2018\/01\/Frauen1-2-768x576.jpg 768w, https:\/\/www.paalam-suedindien.de\/wp-content\/uploads\/2018\/01\/Frauen1-2-1024x768.jpg 1024w\" sizes=\"auto, (max-width: 3072px) 100vw, 3072px\" title=\"Home\"> <\/p>\n<h2>What we do<\/h2>\n<p>We would like to support socially disadvantaged people and families in South India financially. \nWe thoroughly examine the actual situation of the affected people through an application process. We look at each application together and also ensure that the information is truthful before a support decision is made.<\/p>\n<p>How does this work?<\/p>\n<p>We have trustworthy, well-known contacts in India who take their time and effort to understand the social disadvantages of the affected person \/ people and help them with the application procedure and also coordinate the necessary transactions.<\/p>\n<h2 style=\"text-align: center;\">Our Vision<\/h2>\n<p style=\"text-align: center;\">Jeder einzelne von\u00a0uns\u00a0verbrachte l\u00e4nger Zeit in Indien. Dadurch haben wir alle unseren ganz pers\u00f6nlichen Bezug zu Indien, insbesondere zu Tamil-Nadu in S\u00fcdindien.<\/p>\n<p style=\"text-align: center;\">Now living in Germany, it is on our hearts to build a bridge between the worlds - the \u201cformer time\u201d spent in India and today; between the \u201cwestern world\u201d and India; between abundance and need.<\/p>\n<p style=\"text-align: center;\">This bridge should also enable other people here to make a difference in India with their means. Human lives should be changed sustainably, we want to be part of it.<\/p>\n<p style=\"text-align: center;\">That is why we support individuals in emergencies as well as associations that support the socially disadvantaged.<\/p>\n<p> <img loading=\"lazy\" decoding=\"async\" width=\"948\" height=\"528\" src=\"https:\/\/www.paalam-suedindien.de\/wp-content\/uploads\/2024\/01\/Photo-5-students.jpeg\" alt=\"Photo 5 students\" srcset=\"https:\/\/www.paalam-suedindien.de\/wp-content\/uploads\/2024\/01\/Photo-5-students.jpeg 948w, https:\/\/www.paalam-suedindien.de\/wp-content\/uploads\/2024\/01\/Photo-5-students-300x167.jpeg 300w, https:\/\/www.paalam-suedindien.de\/wp-content\/uploads\/2024\/01\/Photo-5-students-768x428.jpeg 768w\" sizes=\"auto, (max-width: 948px) 100vw, 948px\" title=\"Home\"> <\/p>\n<h2 style=\"text-align: center;\">Current Projects<\/h2>\n<p>We are currently supporting five young girls who were badly affected by fate. They all come from a rural area in Tamil Nadu, Southeast India, from very poor families. A serious traffic accident occurred in the evening hours of October 27, 2016. With internal bleeding and fractures in their arms and legs, they received medical treatment at the nearby hospital. Due to the circumstances, the girls sometimes had parts of their limbs removed to prevent further physical damage. After months of rehabilitation, they were able to successfully complete another school year at their previous high school. Paalam-South India e.V. supports the costs for their school education and the transport there. Without education, the girls would have no prospects for their lives.<\/p>\n<h2 style=\"text-align: center;\">Navina<\/h2>\n<p>Navina is an 18-year-old lady from a small village near Coimbatore, Tamil Nadu. So far she has lived with her parents along with her older sister Caren. Her older sister unfortunately had mental and physical disabilities from birth. That is why she is dependent on permanent support and guidance. In contrast to Germany, there are no institutions in India that specifically look after people with disabilities, nor are there any state financial support. Therefore, the father has taken care of Caren, which means, he cannot do any wage work. If the parents are no longer able to provide care, this will have to be ensured by Navina. The family currently lives on the mother's income, which at just under 190 euros \/ month is hardly enough to make a living.<\/p>\n<p>Navina has successfully completed school and is now studying for a Bachelor of Optometry. If Navina successfully completes this degree, she has good prospects of a job that offers her a secure income. This means, on the one hand, that she achieves a certain degree of independence, but on the other hand, that she can also ensure that her older sister can continue to be looked after.<\/p>\n<p>Unfortunately, studying in India is not free, which sometimes involves high fees. For Navina's studies, annual fees equivalent to 1,400 euros are due, as well as an additional 650 euros for dormitory and meals.<\/p>\n<p>In order to enable Navina to study, Paalam South India e.V. would like to cover the costs.<\/p>\n<h2 style=\"text-align: center;\">Who we are<\/h2>\n<h6 style=\"text-align: center;\"><b style=\"font-size: 16px;\">Wir, der Paalam-S\u00fcdindien e.V., sind eine Gruppe von acht Leute, deren Herz f\u00fcr sozial Benachteiligte in Indien schl\u00e4gt.<\/b><\/h6>\n<ul data-id=\"testimonial-slider-0-\" data-visible=\"1\" data-scroll=\"1\" data-auto-scroll=\"off\" data-speed=\"1\" data-wrap=\"yes\" data-arrow=\"yes\" data-pagination=\"yes\" data-effect=\"scroll\" data-height=\"variable\" data-pause-on-hover=\"resume\" >\n<li>\n<figure> <img loading=\"lazy\" decoding=\"async\" src=\"https:\/\/www.paalam-suedindien.de\/wp-content\/uploads\/2018\/01\/DSCN0412-2-1024x1024-100x100.jpg\" width=\"100\" height=\"100\" alt=\"Tina-Mareike Rumpf\" srcset=\"https:\/\/www.paalam-suedindien.de\/wp-content\/uploads\/2018\/01\/DSCN0412-2-1024x1024-100x100.jpg 100w, https:\/\/www.paalam-suedindien.de\/wp-content\/uploads\/2018\/01\/DSCN0412-2-150x150.jpg 150w, https:\/\/www.paalam-suedindien.de\/wp-content\/uploads\/2018\/01\/DSCN0412-2-300x300.jpg 300w, https:\/\/www.paalam-suedindien.de\/wp-content\/uploads\/2018\/01\/DSCN0412-2-768x767.jpg 768w, https:\/\/www.paalam-suedindien.de\/wp-content\/uploads\/2018\/01\/DSCN0412-2-1024x1024.jpg 1024w, https:\/\/www.paalam-suedindien.de\/wp-content\/uploads\/2018\/01\/DSCN0412-2-1024x1024-10x10.jpg 10w, https:\/\/www.paalam-suedindien.de\/wp-content\/uploads\/2018\/01\/DSCN0412-2.jpg 1389w\" sizes=\"auto, (max-width: 100px) 100vw, 100px\" title=\"Home\"> <\/figure>\n<h3>Tina-Mareike Rumpf<\/h3>\n<h6><b>Chairperson<\/b><\/h6>\n<p>Tina was born in Blankenburg (Harz) in 1988. She is a doctor and did a voluntary service in a girls' home in Tamil-Nadu, South India, in 2007\/2008.<\/p>\n<\/li>\n<\/ul>\n<ul data-id=\"testimonial-slider-0-\" data-visible=\"1\" data-scroll=\"1\" data-auto-scroll=\"off\" data-speed=\"1\" data-wrap=\"yes\" data-arrow=\"yes\" data-pagination=\"yes\" data-effect=\"scroll\" data-height=\"variable\" data-pause-on-hover=\"resume\" >\n<li>\n<figure> <img loading=\"lazy\" decoding=\"async\" src=\"https:\/\/www.paalam-suedindien.de\/wp-content\/uploads\/2018\/01\/MG_1434-803x1024-100x100.jpg\" width=\"100\" height=\"100\" alt=\"Dorothee James\" srcset=\"https:\/\/www.paalam-suedindien.de\/wp-content\/uploads\/2018\/01\/MG_1434-803x1024-100x100.jpg 100w, https:\/\/www.paalam-suedindien.de\/wp-content\/uploads\/2018\/01\/MG_1434-150x150.jpg 150w\" sizes=\"auto, (max-width: 100px) 100vw, 100px\" title=\"Home\"> <\/figure>\n<h3>Dorothee James<\/h3>\n<h6><b>Treasurer<\/b><\/h6>\n<p>Dorothee was born in 1983 in Saxony, Germany. She is a psychologist and completed a voluntary service in 2009\/2010 at a girls\u2019 home in Tamil Nadu, South India.<\/p>\n<p>\u00a0<\/p>\n<\/li>\n<\/ul>\n<ul data-id=\"testimonial-slider-0-\" data-visible=\"1\" data-scroll=\"1\" data-auto-scroll=\"off\" data-speed=\"1\" data-wrap=\"yes\" data-arrow=\"yes\" data-pagination=\"yes\" data-effect=\"scroll\" data-height=\"auto\" data-pause-on-hover=\"resume\" >\n<li>\n<figure> <img loading=\"lazy\" decoding=\"async\" src=\"https:\/\/www.paalam-suedindien.de\/wp-content\/uploads\/2018\/01\/IMG_7848-1024x1011-100x100.jpg\" width=\"100\" height=\"100\" alt=\"Dr. Christian Samraj\" srcset=\"https:\/\/www.paalam-suedindien.de\/wp-content\/uploads\/2018\/01\/IMG_7848-1024x1011-100x100.jpg 100w, https:\/\/www.paalam-suedindien.de\/wp-content\/uploads\/2018\/01\/IMG_7848-150x150.jpg 150w, https:\/\/www.paalam-suedindien.de\/wp-content\/uploads\/2018\/01\/IMG_7848-300x296.jpg 300w, https:\/\/www.paalam-suedindien.de\/wp-content\/uploads\/2018\/01\/IMG_7848-768x758.jpg 768w, https:\/\/www.paalam-suedindien.de\/wp-content\/uploads\/2018\/01\/IMG_7848-1024x1011.jpg 1024w, https:\/\/www.paalam-suedindien.de\/wp-content\/uploads\/2018\/01\/IMG_7848.jpg 1738w\" sizes=\"auto, (max-width: 100px) 100vw, 100px\" title=\"Home\"> <\/figure>\n<h3>Dr. Christian Samraj<\/h3>\n<h6><b>Coordinator, South India<\/b><\/h6>\n<p>Christian was born on 1962 in Bangalore, South India and since 2008 he worked as a pastor in Leipzig. He currently lives in Coimbatore, India since 2019 and is married with Dr. Esther Samraj.\u00a0<\/p>\n<\/li>\n<\/ul>\n<ul data-id=\"testimonial-slider-0-\" data-visible=\"1\" data-scroll=\"1\" data-auto-scroll=\"off\" data-speed=\"1\" data-wrap=\"yes\" data-arrow=\"yes\" data-pagination=\"yes\" data-effect=\"scroll\" data-height=\"auto\" data-pause-on-hover=\"resume\" >\n<li>\n<figure> <img loading=\"lazy\" decoding=\"async\" src=\"https:\/\/www.paalam-suedindien.de\/wp-content\/uploads\/2021\/11\/c9bc278a-08b7-4523-b14e-a10b5cd24b87-1-100x100.jpg\" width=\"100\" height=\"100\" alt=\"Anna Bauer\" srcset=\"https:\/\/www.paalam-suedindien.de\/wp-content\/uploads\/2021\/11\/c9bc278a-08b7-4523-b14e-a10b5cd24b87-1-100x100.jpg 100w, https:\/\/www.paalam-suedindien.de\/wp-content\/uploads\/2021\/11\/c9bc278a-08b7-4523-b14e-a10b5cd24b87-1-150x150.jpg 150w, https:\/\/www.paalam-suedindien.de\/wp-content\/uploads\/2021\/11\/c9bc278a-08b7-4523-b14e-a10b5cd24b87-1.jpg 197w\" sizes=\"auto, (max-width: 100px) 100vw, 100px\" title=\"Home\"> <\/figure>\n<h3>Anna Bauer<\/h3>\n<p>Anna was born in Saxony in 1988. She is working as a teacher in a primary school day care. In 2010\/2011 she was working in a girl's home during her volunteer service in Tamilnadu, South India. She is married with Reinhold Bauer.<\/p>\n<\/li>\n<\/ul>\n<ul data-id=\"testimonial-slider-0-\" data-visible=\"1\" data-scroll=\"1\" data-auto-scroll=\"off\" data-speed=\"1\" data-wrap=\"yes\" data-arrow=\"yes\" data-pagination=\"yes\" data-effect=\"scroll\" data-height=\"variable\" data-pause-on-hover=\"resume\" >\n<li>\n<figure> <img loading=\"lazy\" decoding=\"async\" src=\"https:\/\/www.paalam-suedindien.de\/wp-content\/uploads\/2018\/01\/18076854_10212817540459676_6356554156051483787_o-1017x1024-100x100.jpg\" width=\"100\" height=\"100\" alt=\"Linda Ganguly\" srcset=\"https:\/\/www.paalam-suedindien.de\/wp-content\/uploads\/2018\/01\/18076854_10212817540459676_6356554156051483787_o-1017x1024-100x100.jpg 100w, https:\/\/www.paalam-suedindien.de\/wp-content\/uploads\/2018\/01\/18076854_10212817540459676_6356554156051483787_o-150x150.jpg 150w, https:\/\/www.paalam-suedindien.de\/wp-content\/uploads\/2018\/01\/18076854_10212817540459676_6356554156051483787_o-298x300.jpg 298w, https:\/\/www.paalam-suedindien.de\/wp-content\/uploads\/2018\/01\/18076854_10212817540459676_6356554156051483787_o-768x773.jpg 768w, https:\/\/www.paalam-suedindien.de\/wp-content\/uploads\/2018\/01\/18076854_10212817540459676_6356554156051483787_o-1017x1024.jpg 1017w, https:\/\/www.paalam-suedindien.de\/wp-content\/uploads\/2018\/01\/18076854_10212817540459676_6356554156051483787_o.jpg 1087w\" sizes=\"auto, (max-width: 100px) 100vw, 100px\" title=\"Home\"> <\/figure>\n<h3>Linda Ganguly<\/h3>\n<h6><b>Deputy-Chairperson<\/b><\/h6>\n<p>Linda was born in Saxony in 1988. She is a primary school teacher and did a voluntary service in a children's home in Tamil-Nadu, South India, in 2013\/2014.<\/p>\n<\/li>\n<\/ul>\n<ul data-id=\"testimonial-slider-0-\" data-visible=\"1\" data-scroll=\"1\" data-auto-scroll=\"off\" data-speed=\"1\" data-wrap=\"yes\" data-arrow=\"yes\" data-pagination=\"yes\" data-effect=\"scroll\" data-height=\"auto\" data-pause-on-hover=\"resume\" >\n<li>\n<figure> <img loading=\"lazy\" decoding=\"async\" src=\"https:\/\/www.paalam-suedindien.de\/wp-content\/uploads\/2018\/04\/IMGP4775annika-1024x895-100x100.jpg\" width=\"100\" height=\"100\" alt=\"Annika Zahn\" srcset=\"https:\/\/www.paalam-suedindien.de\/wp-content\/uploads\/2018\/04\/IMGP4775annika-1024x895-100x100.jpg 100w, https:\/\/www.paalam-suedindien.de\/wp-content\/uploads\/2018\/04\/IMGP4775annika-150x150.jpg 150w\" sizes=\"auto, (max-width: 100px) 100vw, 100px\" title=\"Home\"> <\/figure>\n<h3>Annika Zahn<\/h3>\n<h6><\/h6>\n<p>Annika was born in Northern Hesse in 1985. She is a primary school teacher and did a voluntary service in a girls' home in Tamil-Nadu, South India, in 2007\/2008.<\/p>\n<\/li>\n<\/ul>\n<ul data-id=\"testimonial-slider-0-\" data-visible=\"1\" data-scroll=\"1\" data-auto-scroll=\"off\" data-speed=\"1\" data-wrap=\"yes\" data-arrow=\"yes\" data-pagination=\"yes\" data-effect=\"scroll\" data-height=\"auto\" data-pause-on-hover=\"resume\" >\n<li>\n<figure> <img loading=\"lazy\" decoding=\"async\" src=\"https:\/\/www.paalam-suedindien.de\/wp-content\/uploads\/2018\/01\/IMG_7845-693x1024-100x100.jpg\" width=\"100\" height=\"100\" alt=\"Dr. Esther Samraj\" srcset=\"https:\/\/www.paalam-suedindien.de\/wp-content\/uploads\/2018\/01\/IMG_7845-693x1024-100x100.jpg 100w, https:\/\/www.paalam-suedindien.de\/wp-content\/uploads\/2018\/01\/IMG_7845-150x150.jpg 150w\" sizes=\"auto, (max-width: 100px) 100vw, 100px\" title=\"Home\"> <\/figure>\n<h3>Dr. Esther Samraj<\/h3>\n<h6><b>Coordinator, South India<\/b><\/h6>\n<p>Esther was born on 1963 in Tamil-Nadu, South India. She is a Philosopher, has lived in Leipzig since 2008. She currently lives in Coimbatore, India since 2019 and is married to Dr. Christian Samraj.<\/p>\n<\/li>\n<\/ul>\n<ul data-id=\"testimonial-slider-0-\" data-visible=\"1\" data-scroll=\"1\" data-auto-scroll=\"off\" data-speed=\"1\" data-wrap=\"yes\" data-arrow=\"yes\" data-pagination=\"yes\" data-effect=\"scroll\" data-height=\"auto\" data-pause-on-hover=\"resume\" >\n<li>\n<figure> <img loading=\"lazy\" decoding=\"async\" src=\"https:\/\/www.paalam-suedindien.de\/wp-content\/uploads\/2021\/11\/c9bc278a-08b7-4523-b14e-a10b5cd24b87-100x100.jpg\" width=\"100\" height=\"100\" alt=\"Reinhold Bauer\" srcset=\"https:\/\/www.paalam-suedindien.de\/wp-content\/uploads\/2021\/11\/c9bc278a-08b7-4523-b14e-a10b5cd24b87-100x100.jpg 100w, https:\/\/www.paalam-suedindien.de\/wp-content\/uploads\/2021\/11\/c9bc278a-08b7-4523-b14e-a10b5cd24b87-150x150.jpg 150w\" sizes=\"auto, (max-width: 100px) 100vw, 100px\" title=\"Home\"> <\/figure>\n<h3>Reinhold Bauer<\/h3>\n<p>Reinhold was born in 1990 in Saxony. He has a diploma degree in mathematics and is working in an IT company. In 2014\/2015 he took part in a volunteer program supporting a home for boys near the east coast of South India. He is married with Anna Bauer.<\/p>\n<\/li>\n<\/ul>\n<h2 style=\"text-align: center;\">Contribute<\/h2>\n<h5 style=\"text-align: center;\">In order to make our projects possible, we need people who share our vision and support us financially.<\/h5>\n<h5 style=\"text-align: center;\">Regular donations are just as welcome as one-off amounts or irregular donations.<\/h5>\n<h5 style=\"text-align: center;\">Account holder: Paalam South India e.V.<\/h5>\n<h5 style=\"text-align: center;\">IBAN: DE76 4306 0967 1194 1228 00<\/h5>\n<h5 style=\"text-align: center;\">Credit Instituition: GLS Bank<\/h5>\n<h2 style=\"text-align: center;\">Contact<\/h2>\n<p> Leipzig, Germany <\/p>\n<p> paalam-suedindien@posteo.de\u200b<!--\/themify_builder_static--><\/p>","protected":false},"excerpt":{"rendered":"<p>Paalam-S\u00fcdindien e.V. mehr Weigere dich nicht dem Bed\u00fcrftigen Gutes zu tun, wenn deine Hand es vermag. Spr\u00fcche 3, 27 Was wir tun Wir m\u00f6chten sozial benachteiligte Personen und Familien in S\u00fcdindien finanziell unterst\u00fctzen. Dabei wollen wir hautnah miterleben, was vor Ort passiert und bewirkt wird. Hierf\u00fcr machen wir uns anhand von eingesandten Bewerbungen ein Bild [&hellip;]<\/p>\n","protected":false},"author":1,"featured_media":0,"parent":0,"menu_order":0,"comment_status":"closed","ping_status":"closed","template":"","meta":{"site-sidebar-layout":"default","site-content-layout":"","ast-site-content-layout":"default","site-content-style":"default","site-sidebar-style":"default","ast-global-header-display":"","ast-banner-title-visibility":"","ast-main-header-display":"","ast-hfb-above-header-display":"","ast-hfb-below-header-display":"","ast-hfb-mobile-header-display":"","site-post-title":"","ast-breadcrumbs-content":"","ast-featured-img":"","footer-sml-layout":"","ast-disable-related-posts":"","theme-transparent-header-meta":"","adv-header-id-meta":"","stick-header-meta":"","header-above-stick-meta":"","header-main-stick-meta":"","header-below-stick-meta":"","astra-migrate-meta-layouts":"default","ast-page-background-enabled":"default","ast-page-background-meta":{"desktop":{"background-color":"","background-image":"","background-repeat":"repeat","background-position":"center center","background-size":"auto","background-attachment":"scroll","background-type":"","background-media":"","overlay-type":"","overlay-color":"","overlay-opacity":"","overlay-gradient":""},"tablet":{"background-color":"","background-image":"","background-repeat":"repeat","background-position":"center center","background-size":"auto","background-attachment":"scroll","background-type":"","background-media":"","overlay-type":"","overlay-color":"","overlay-opacity":"","overlay-gradient":""},"mobile":{"background-color":"","background-image":"","background-repeat":"repeat","background-position":"center center","background-size":"auto","background-attachment":"scroll","background-type":"","background-media":"","overlay-type":"","overlay-color":"","overlay-opacity":"","overlay-gradient":""}},"ast-content-background-meta":{"desktop":{"background-color":"var(--ast-global-color-5)","background-image":"","background-repeat":"repeat","background-position":"center center","background-size":"auto","background-attachment":"scroll","background-type":"","background-media":"","overlay-type":"","overlay-color":"","overlay-opacity":"","overlay-gradient":""},"tablet":{"background-color":"var(--ast-global-color-5)","background-image":"","background-repeat":"repeat","background-position":"center center","background-size":"auto","background-attachment":"scroll","background-type":"","background-media":"","overlay-type":"","overlay-color":"","overlay-opacity":"","overlay-gradient":""},"mobile":{"background-color":"var(--ast-global-color-5)","background-image":"","background-repeat":"repeat","background-position":"center center","background-size":"auto","background-attachment":"scroll","background-type":"","background-media":"","overlay-type":"","overlay-color":"","overlay-opacity":"","overlay-gradient":""}},"footnotes":""},"class_list":["post-480","page","type-page","status-publish","hentry"],"_links":{"self":[{"href":"https:\/\/www.paalam-suedindien.de\/en\/wp-json\/wp\/v2\/pages\/480","targetHints":{"allow":["GET"]}}],"collection":[{"href":"https:\/\/www.paalam-suedindien.de\/en\/wp-json\/wp\/v2\/pages"}],"about":[{"href":"https:\/\/www.paalam-suedindien.de\/en\/wp-json\/wp\/v2\/types\/page"}],"author":[{"embeddable":true,"href":"https:\/\/www.paalam-suedindien.de\/en\/wp-json\/wp\/v2\/users\/1"}],"replies":[{"embeddable":true,"href":"https:\/\/www.paalam-suedindien.de\/en\/wp-json\/wp\/v2\/comments?post=480"}],"version-history":[{"count":168,"href":"https:\/\/www.paalam-suedindien.de\/en\/wp-json\/wp\/v2\/pages\/480\/revisions"}],"predecessor-version":[{"id":755,"href":"https:\/\/www.paalam-suedindien.de\/en\/wp-json\/wp\/v2\/pages\/480\/revisions\/755"}],"wp:attachment":[{"href":"https:\/\/www.paalam-suedindien.de\/en\/wp-json\/wp\/v2\/media?parent=480"}],"curies":[{"name":"wp","href":"https:\/\/api.w.org\/{rel}","templated":true}]}}